{"id":103,"date":"2020-06-22T20:03:30","date_gmt":"2020-06-22T20:03:30","guid":{"rendered":"http:\/\/berliner-pressekontor.de\/?page_id=103"},"modified":"2021-01-25T14:29:58","modified_gmt":"2021-01-25T14:29:58","slug":"zitate","status":"publish","type":"page","link":"https:\/\/berliner-pressekontor.de\/?page_id=103","title":{"rendered":"Zitate"},"content":{"rendered":"\n<blockquote class=\"wp-block-quote\"><p>Wartende Journalisten sind gef\u00e4hrlich, vergeblich wartende Journalisten sind noch gef\u00e4hrlicher. Am gef\u00e4hrlichsten aber sind vergeblich wartende Journalisten, die untereinander Informationen austauschen.<\/p><cite>Winston Churchill<\/cite><\/blockquote>\n\n\n\n<p><\/p>\n\n\n\n<blockquote class=\"wp-block-quote\"><p>Es gibt f\u00fcr jedes Ding, das man machen will, zwei Zeitpunkte: den richtigen und den verpassten. <em>&nbsp;<\/em><\/p><cite>Stan Nadolny<\/cite><\/blockquote>\n\n\n\n<p><\/p>\n\n\n\n<blockquote class=\"wp-block-quote\"><p>&#8222;Die beliebteste Form der Intrige ist das Hintergrundgespr\u00e4ch.&#8220;<\/p><cite>Markus Feldenkrichen<\/cite><\/blockquote>\n\n\n\n<p><\/p>\n\n\n\n<blockquote class=\"wp-block-quote\"><p>&#8222;Wir l\u00fcgen nie. Wir sortieren nur die Fakten der Wahrheit nach deren Dringlichkeit.&#8220;<\/p><cite>Erfahrung mit dem &#8222;Trumpismus&#8220;<\/cite><\/blockquote>\n\n\n\n<p><\/p>\n\n\n\n<blockquote class=\"wp-block-quote\"><p>Mit Journalisten ist es wie mit Krokodilen: Man muss sie nicht lieben, aber f\u00fcttern.<\/p><cite>William Perry, ehemaliger US-Verteidigungsminister unter Bill Clinton<\/cite><\/blockquote>\n","protected":false},"excerpt":{"rendered":"<p>Wartende Journalisten sind gef\u00e4hrlich, vergeblich wartende Journalisten sind noch gef\u00e4hrlicher. Am gef\u00e4hrlichsten aber sind vergeblich wartende Journalisten, die untereinander Informationen austauschen. Winston Churchill Es gibt f\u00fcr jedes Ding, das man machen will, zwei Zeitpunkte: den richtigen und den verpassten. &nbsp; Stan Nadolny &#8222;Die beliebteste Form der Intrige ist das Hintergrundgespr\u00e4ch.&#8220; Markus Feldenkrichen &#8222;Wir l\u00fcgen nie.<\/p><\/div>\n<div class=\"blog-btn\"><a href=\"https:\/\/berliner-pressekontor.de\/?page_id=103\" class=\"home-blog-btn\">Weiterlesen<\/a><\/p>\n","protected":false},"author":1,"featured_media":0,"parent":0,"menu_order":0,"comment_status":"closed","ping_status":"closed","template":"","meta":[],"_links":{"self":[{"href":"https:\/\/berliner-pressekontor.de\/index.php?rest_route=\/wp\/v2\/pages\/103"}],"collection":[{"href":"https:\/\/berliner-pressekontor.de\/index.php?rest_route=\/wp\/v2\/pages"}],"about":[{"href":"https:\/\/berliner-pressekontor.de\/index.php?rest_route=\/wp\/v2\/types\/page"}],"author":[{"embeddable":true,"href":"https:\/\/berliner-pressekontor.de\/index.php?rest_route=\/wp\/v2\/users\/1"}],"replies":[{"embeddable":true,"href":"https:\/\/berliner-pressekontor.de\/index.php?rest_route=%2Fwp%2Fv2%2Fcomments&post=103"}],"version-history":[{"count":11,"href":"https:\/\/berliner-pressekontor.de\/index.php?rest_route=\/wp\/v2\/pages\/103\/revisions"}],"predecessor-version":[{"id":350,"href":"https:\/\/berliner-pressekontor.de\/index.php?rest_route=\/wp\/v2\/pages\/103\/revisions\/350"}],"wp:attachment":[{"href":"https:\/\/berliner-pressekontor.de\/index.php?rest_route=%2Fwp%2Fv2%2Fmedia&parent=103"}],"curies":[{"name":"wp","href":"https:\/\/api.w.org\/{rel}","templated":true}]}}