{"id":212,"date":"2020-06-23T13:28:25","date_gmt":"2020-06-23T13:28:25","guid":{"rendered":"http:\/\/berliner-pressekontor.de\/?page_id=212"},"modified":"2020-06-23T13:37:51","modified_gmt":"2020-06-23T13:37:51","slug":"medientraining","status":"publish","type":"page","link":"https:\/\/berliner-pressekontor.de\/?page_id=212","title":{"rendered":"Medientraining"},"content":{"rendered":"\n<figure class=\"wp-block-image size-large\"><img loading=\"lazy\" width=\"1024\" height=\"768\" src=\"http:\/\/berliner-pressekontor.de\/wp-content\/uploads\/2020\/06\/a0832b33-ef9c-4b46-9f60-c5c81b39a651.jpeg\" alt=\"\" class=\"wp-image-214\" srcset=\"https:\/\/berliner-pressekontor.de\/wp-content\/uploads\/2020\/06\/a0832b33-ef9c-4b46-9f60-c5c81b39a651.jpeg 1024w, https:\/\/berliner-pressekontor.de\/wp-content\/uploads\/2020\/06\/a0832b33-ef9c-4b46-9f60-c5c81b39a651-300x225.jpeg 300w, https:\/\/berliner-pressekontor.de\/wp-content\/uploads\/2020\/06\/a0832b33-ef9c-4b46-9f60-c5c81b39a651-768x576.jpeg 768w\" sizes=\"(max-width: 1024px) 100vw, 1024px\" \/><figcaption>LICHT AN!<\/figcaption><\/figure>\n\n\n\n<h1>Wissen. K\u00f6nnen. Handeln<\/h1>\n\n\n\n<p>Keiner ist zu perfekt und keiner zu alt, um noch etwas zu lernen. Dazu \u00e4ndert sich die heutige Medienlandschaft viel zu schnell. Selbst Medienprofis sind immer wieder verbl\u00fcfft von der Hochgeschwindigkeit des Digitalzeitalters.&nbsp;<\/p>\n\n\n\n<p>Sicherlich: Routine hilft im Alltagsgesch\u00e4ft. Aber&nbsp;<strong>Wissen<\/strong>&nbsp;um Strukturen hilft mehr.&nbsp;Die Macher der BerlinAkadiemie bieten Jahrzehnte Erfahrungen im Mediengesch\u00e4ft \u2013 gepaart mit Neugier, Witz und Wissen.&nbsp;<\/p>\n\n\n\n<p>Unbestritten haben die neuen Medien die Rahmenbedingungen der Kommunikation neu definiert. Wer diese M\u00f6glichkeit nutzen will, muss das\u00a0<strong>K\u00f6nnen<\/strong> haben, das auf Wissen basiert.<\/p>\n\n\n\n<p><\/p>\n\n\n\n<blockquote class=\"wp-block-quote\"><p><em>Aus der Erotik des Beobachtens ist die Pornografie des Scheiterns geworden.<\/em><\/p><cite>R. Habeck<\/cite><\/blockquote>\n\n\n\n<p><\/p>\n\n\n\n<p>Mehr Informationen unter: <a href=\"http:\/\/www.berlinakademie.wordpress.com\">www.berlinakademie.wordpress.com<\/a> <\/p>\n\n\n\n<p><\/p>\n","protected":false},"excerpt":{"rendered":"<p>Wissen. K\u00f6nnen. Handeln Keiner ist zu perfekt und keiner zu alt, um noch etwas zu lernen. Dazu \u00e4ndert sich die heutige Medienlandschaft viel zu schnell. Selbst Medienprofis sind immer wieder verbl\u00fcfft von der Hochgeschwindigkeit des Digitalzeitalters.&nbsp; Sicherlich: Routine hilft im Alltagsgesch\u00e4ft. Aber&nbsp;Wissen&nbsp;um Strukturen hilft mehr.&nbsp;Die Macher der BerlinAkadiemie bieten Jahrzehnte Erfahrungen im Mediengesch\u00e4ft \u2013 gepaart<\/p><\/div>\n<div class=\"blog-btn\"><a href=\"https:\/\/berliner-pressekontor.de\/?page_id=212\" class=\"home-blog-btn\">Weiterlesen<\/a><\/p>\n","protected":false},"author":1,"featured_media":0,"parent":0,"menu_order":0,"comment_status":"closed","ping_status":"closed","template":"","meta":[],"_links":{"self":[{"href":"https:\/\/berliner-pressekontor.de\/index.php?rest_route=\/wp\/v2\/pages\/212"}],"collection":[{"href":"https:\/\/berliner-pressekontor.de\/index.php?rest_route=\/wp\/v2\/pages"}],"about":[{"href":"https:\/\/berliner-pressekontor.de\/index.php?rest_route=\/wp\/v2\/types\/page"}],"author":[{"embeddable":true,"href":"https:\/\/berliner-pressekontor.de\/index.php?rest_route=\/wp\/v2\/users\/1"}],"replies":[{"embeddable":true,"href":"https:\/\/berliner-pressekontor.de\/index.php?rest_route=%2Fwp%2Fv2%2Fcomments&post=212"}],"version-history":[{"count":6,"href":"https:\/\/berliner-pressekontor.de\/index.php?rest_route=\/wp\/v2\/pages\/212\/revisions"}],"predecessor-version":[{"id":221,"href":"https:\/\/berliner-pressekontor.de\/index.php?rest_route=\/wp\/v2\/pages\/212\/revisions\/221"}],"wp:attachment":[{"href":"https:\/\/berliner-pressekontor.de\/index.php?rest_route=%2Fwp%2Fv2%2Fmedia&parent=212"}],"curies":[{"name":"wp","href":"https:\/\/api.w.org\/{rel}","templated":true}]}}